{"id":58,"date":"2024-12-14T23:28:26","date_gmt":"2024-12-14T22:28:26","guid":{"rendered":"http:\/\/dpsdev.dfirma.pl\/index.php\/contact\/"},"modified":"2025-12-23T12:00:08","modified_gmt":"2025-12-23T11:00:08","slug":"kontakt","status":"publish","type":"page","link":"https:\/\/dpsdev.dfirma.pl\/index.php\/kontakt\/","title":{"rendered":"Kontakt"},"content":{"rendered":"\t\t<div data-elementor-type=\"wp-page\" data-elementor-id=\"58\" class=\"elementor elementor-58\">\n\t\t\t\t<div class=\"elementor-element elementor-element-dca6fca e-flex e-con-boxed e-con e-parent\" data-id=\"dca6fca\" data-element_type=\"container\" data-settings=\"{&quot;background_background&quot;:&quot;classic&quot;}\">\n\t\t\t\t\t<div class=\"e-con-inner\">\n\t\t<div class=\"elementor-element elementor-element-e2d9dbd e-grid e-con-full e-con e-child\" data-id=\"e2d9dbd\" data-element_type=\"container\">\n\t\t\t\t<div class=\"elementor-element elementor-element-7046aae elementor-widget__width-initial elementor-invisible elementor-widget elementor-widget-text-editor\" data-id=\"7046aae\" data-element_type=\"widget\" data-settings=\"{&quot;_animation_delay&quot;:500,&quot;_animation&quot;:&quot;fadeInUp&quot;}\" data-widget_type=\"text-editor.default\">\n\t\t\t\t\t\t\t\t\t<p><b>Kontakt<\/b><\/p>\n<p>Mi\u0119dzygminny Dom Pomocy Spo\u0142ecznej \u201eDobre Miejsce\u201d w Kobi\u00f3rze<\/p>\n<p><span style=\"font-weight: 400;\">\ud83d\udccd ul. Promnicka 53, 43-210 Kobi\u00f3r<br \/><\/span><\/p>\n<p><a href=\"mailto:sekretariat@dmdps.pl\" target=\"_blank\" rel=\"noopener\">e-mail: sekretariat@dmdps.pl<\/a>\u00a0<\/p>\n<p>adres e-Dor\u0119cze\u0144 AE:<br \/>PL-55670-36026-CSSDA-16<\/p>\n<p><b>Administracja:<\/b><b><br \/><\/b><span style=\"font-weight: 400;\">Od poniedzia\u0142ku do pi\u0105tku w godzinach od 7:30 do 15:30<\/span><span style=\"font-weight: 400;\"><br \/><\/span><span style=\"font-weight: 400;\">tel.: 32 307 58 02<\/span><\/p>\n<p>Dyrektor Mi\u0119dzygminnego Domu Pomocy Spo\u0142ecznej<span class=\"Apple-converted-space\">\u00a0 <\/span>\u201eDobre Miejsce\u201d w Kobi\u00f3rze przyjmuje w sprawie skarg, za\u017cale\u0144, petycji w ka\u017cd\u0105 \u015brod\u0119 w godzinach od 14:00 do 15:30 lub w innym terminie (po wcze\u015bniejszym um\u00f3wieniu si\u0119).<\/p>\n<p><b>Dy\u017curka opiekun\u00f3w:<\/b><b><br \/><\/b><span style=\"font-weight: 400;\">tel.: 32 307 57 31<\/span><\/p>\n<p>NIP 6381845280<span class=\"Apple-converted-space\"> | <\/span>REGON 388787143<\/p>\t\t\t\t\t\t\t\t<\/div>\n\t\t\t\t<div class=\"elementor-element elementor-element-a66e518 elementor-widget elementor-widget-image\" data-id=\"a66e518\" data-element_type=\"widget\" data-widget_type=\"image.default\">\n\t\t\t\t\t\t\t\t\t\t\t\t\t\t\t<img fetchpriority=\"high\" decoding=\"async\" width=\"1920\" height=\"1080\" src=\"https:\/\/dpsdev.dfirma.pl\/wp-content\/uploads\/2025\/11\/tyski-dom-pomocy-spolecznej-10.jpg\" class=\"attachment-2048x2048 size-2048x2048 wp-image-278\" alt=\"\" srcset=\"https:\/\/dpsdev.dfirma.pl\/wp-content\/uploads\/2025\/11\/tyski-dom-pomocy-spolecznej-10.jpg 1920w, https:\/\/dpsdev.dfirma.pl\/wp-content\/uploads\/2025\/11\/tyski-dom-pomocy-spolecznej-10-600x338.jpg 600w, https:\/\/dpsdev.dfirma.pl\/wp-content\/uploads\/2025\/11\/tyski-dom-pomocy-spolecznej-10-300x169.jpg 300w, https:\/\/dpsdev.dfirma.pl\/wp-content\/uploads\/2025\/11\/tyski-dom-pomocy-spolecznej-10-1024x576.jpg 1024w, https:\/\/dpsdev.dfirma.pl\/wp-content\/uploads\/2025\/11\/tyski-dom-pomocy-spolecznej-10-768x432.jpg 768w, https:\/\/dpsdev.dfirma.pl\/wp-content\/uploads\/2025\/11\/tyski-dom-pomocy-spolecznej-10-1536x864.jpg 1536w, https:\/\/dpsdev.dfirma.pl\/wp-content\/uploads\/2025\/11\/tyski-dom-pomocy-spolecznej-10-650x366.jpg 650w\" sizes=\"(max-width: 1920px) 100vw, 1920px\" \/>\t\t\t\t\t\t\t\t\t\t\t\t\t\t\t<\/div>\n\t\t\t\t<\/div>\n\t\t\t\t<div class=\"elementor-element elementor-element-dc1d021 elementor-widget elementor-widget-spacer\" data-id=\"dc1d021\" data-element_type=\"widget\" data-widget_type=\"spacer.default\">\n\t\t\t\t\t\t\t<div class=\"elementor-spacer\">\n\t\t\t<div class=\"elementor-spacer-inner\"><\/div>\n\t\t<\/div>\n\t\t\t\t\t\t<\/div>\n\t\t\t\t<div class=\"elementor-element elementor-element-b1c423c elementor-widget elementor-widget-heading\" data-id=\"b1c423c\" data-element_type=\"widget\" data-widget_type=\"heading.default\">\n\t\t\t\t\t<h3 class=\"elementor-heading-title elementor-size-default\">FORMULARZ KONTAKTOWY<\/h3>\t\t\t\t<\/div>\n\t\t\t\t<div class=\"elementor-element elementor-element-2ae5f3c ui-e-submit-align--center elementor-invisible elementor-widget elementor-widget-uicore-contact-form\" data-id=\"2ae5f3c\" data-element_type=\"widget\" data-settings=\"{&quot;_animation_delay&quot;:750,&quot;_animation&quot;:&quot;fadeInUp&quot;}\" data-widget_type=\"uicore-contact-form.default\">\n\t\t\t\t\t\n        <form class=\"ui-e-form\" method=\"post\" name=\"Formularz kontaktowy\">\n\n            <input type=\"hidden\" name=\"post_id\" value=\"58\" \/>\n            <input type=\"hidden\" name=\"widget_type\" value=\"contact-form\">\n\n            <input type=\"hidden\" name=\"required_fields_message\" value=\"Fill all required fields.\">\n\n            <div class=\"ui-e-fields-wrp\">\n\n                \n                    <div class=\"ui-e-field-type-text ui-e-field-group elementor-column ui-e-field-group-name elementor-col-50  ui-e-required\">\n                                                    <label for=\"form-field-name\" class=\"ui-e-label\">\n                                Imi\u0119                            <\/label>\n                                                            <input size=\"1\" type=\"text\" name=\"form_fields[name]\" id=\"form-field-name\" class=\"ui-e-field  ui-e-field-textual\" required=\"required\" aria-required=\"true\">\n                                            <\/div>\n\n                \n                    <div class=\"ui-e-field-type-email ui-e-field-group elementor-column ui-e-field-group-email elementor-col-50  ui-e-required\">\n                                                    <label for=\"form-field-email\" class=\"ui-e-label\">\n                                Adres email                            <\/label>\n                                                            <input size=\"1\" type=\"email\" name=\"form_fields[email]\" id=\"form-field-email\" class=\"ui-e-field  ui-e-field-textual\" required=\"required\" aria-required=\"true\">\n                                            <\/div>\n\n                \n                    <div class=\"ui-e-field-type-tel ui-e-field-group elementor-column ui-e-field-group- elementor-col-50\">\n                                                    <label for=\"form-field-\" class=\"ui-e-label\">\n                                Numer telefonu                            <\/label>\n                                                            <input size=\"1\" type=\"tel\" name=\"form_fields[]\" id=\"form-field-\" class=\"ui-e-field  ui-e-field-textual\">\n                                            <\/div>\n\n                \n                    <div class=\"ui-e-field-type-text ui-e-field-group elementor-column ui-e-field-group- elementor-col-50  ui-e-required\">\n                                                    <label for=\"form-field-\" class=\"ui-e-label\">\n                                Temat                            <\/label>\n                                                            <input size=\"1\" type=\"text\" name=\"form_fields[]\" id=\"form-field-\" class=\"ui-e-field  ui-e-field-textual\" required=\"required\" aria-required=\"true\">\n                                            <\/div>\n\n                \n                    <div class=\"ui-e-field-type-textarea ui-e-field-group elementor-column ui-e-field-group-message elementor-col-100\">\n                                                    <label for=\"form-field-message\" class=\"ui-e-label\">\n                                Wiadomo\u015b\u0107                            <\/label>\n                            <textarea class=\"ui-e-field \" name=\"form_fields[message]\" id=\"form-field-message\" rows=\"4\"><\/textarea>                    <\/div>\n\n                \n                    <div class=\"ui-e-field-type-checkbox ui-e-field-group elementor-column ui-e-field-group- elementor-col-100  ui-e-required\">\n                        <div class=\"ui-e-field-subgroup  \"><span class=\"ui-e-field-option\"><input type=\"checkbox\" value=\"Wyra\u017cam zgod\u0119 na przetwarzanie moich danych osobowych podanych w formularzu kontaktowym przez Tyski Dom Pomocy Spo\u0142ecznej \u201eDobre Miejsce\u201d w celu nawi\u0105zania kontaktu i przetworzenia zapyta\u0144.\" id=\"form-field--0\" name=\"form_fields[]\" data-ui-e-required=\"true\"> <label for=\"form-field--0\">Wyra\u017cam zgod\u0119 na przetwarzanie moich danych osobowych podanych w formularzu kontaktowym przez Tyski Dom Pomocy Spo\u0142ecznej \u201eDobre Miejsce\u201d w celu nawi\u0105zania kontaktu i przetworzenia zapyta\u0144.<\/label><\/span><\/div>                    <\/div>\n\n                \n                    <div class=\"ui-e-field-type-checkbox ui-e-field-group elementor-column ui-e-field-group-field_bmtp9gx elementor-col-100  ui-e-required\">\n                        <div class=\"ui-e-field-subgroup  \"><span class=\"ui-e-field-option\"><input type=\"checkbox\" value=\"Zapozna\u0142em si\u0119 i akceptuj\u0119  polityk\u0119 prywatno\u015bci Tyskiego Domu Spo\u0142ecznego \u201eDobre Miejsce&quot;.\" id=\"form-field-field_bmtp9gx-0\" name=\"form_fields[field_bmtp9gx]\" data-ui-e-required=\"true\"> <label for=\"form-field-field_bmtp9gx-0\">Zapozna\u0142em si\u0119 i akceptuj\u0119  polityk\u0119 prywatno\u015bci Tyskiego Domu Spo\u0142ecznego \u201eDobre Miejsce\".<\/label><\/span><\/div>                    <\/div>\n\n                \n                <div class=\"ui-e-field-group elementor-column ui-e-field-type-submit elementor-col-100 e-form__buttons\">\n                    <button type=\"submit\" class=\"elementor-button\">\n                        <span >\n                                                            <span class=\"\">\n                                                                                                        <\/span>\n                                                                                        <span class=\"ui-e-text\">Wy\u015blij<\/span>\n                                                    <\/span>\n                    <\/button>\n                <\/div>\n\n            <\/div>\n\n            <div class=\"ui-e-message \">\n                            <\/div>\n        <\/form>\n                <script>\n            window.ui_e_form_validation_messages = {\"required_fields\":\"Fill all required fields.\"};\n        <\/script>\n\t\t\t\t<\/div>\n\t\t\t\t\t<\/div>\n\t\t\t\t<\/div>\n\t\t\t\t<\/div>\n\t\t","protected":false},"excerpt":{"rendered":"<p>Kontakt Mi\u0119dzygminny Dom Pomocy Spo\u0142ecznej \u201eDobre Miejsce\u201d w Kobi\u00f3rze &#x1f4cd; ul. Promnicka 53, 43-210 Kobi\u00f3r e-mail: sekretariat@dmdps.pl\u00a0 adres e-Dor\u0119cze\u0144 AE:PL-55670-36026-CSSDA-16 Administracja:Od poniedzia\u0142ku do pi\u0105tku w godzinach od 7:30 do 15:30tel.: 32 307 58 02 Dyrektor Mi\u0119dzygminnego Domu Pomocy Spo\u0142ecznej\u00a0 \u201eDobre Miejsce\u201d w Kobi\u00f3rze przyjmuje w sprawie skarg, za\u017cale\u0144, petycji w ka\u017cd\u0105 \u015brod\u0119 w godzinach od [&hellip;]<\/p>\n","protected":false},"author":1,"featured_media":0,"parent":0,"menu_order":0,"comment_status":"closed","ping_status":"closed","template":"","meta":{"_monsterinsights_skip_tracking":false,"_monsterinsights_sitenote_active":false,"_monsterinsights_sitenote_note":"","_monsterinsights_sitenote_category":0,"footnotes":""},"class_list":["post-58","page","type-page","status-publish","hentry"],"aioseo_notices":[],"_links":{"self":[{"href":"https:\/\/dpsdev.dfirma.pl\/index.php\/wp-json\/wp\/v2\/pages\/58","targetHints":{"allow":["GET"]}}],"collection":[{"href":"https:\/\/dpsdev.dfirma.pl\/index.php\/wp-json\/wp\/v2\/pages"}],"about":[{"href":"https:\/\/dpsdev.dfirma.pl\/index.php\/wp-json\/wp\/v2\/types\/page"}],"author":[{"embeddable":true,"href":"https:\/\/dpsdev.dfirma.pl\/index.php\/wp-json\/wp\/v2\/users\/1"}],"replies":[{"embeddable":true,"href":"https:\/\/dpsdev.dfirma.pl\/index.php\/wp-json\/wp\/v2\/comments?post=58"}],"version-history":[{"count":47,"href":"https:\/\/dpsdev.dfirma.pl\/index.php\/wp-json\/wp\/v2\/pages\/58\/revisions"}],"predecessor-version":[{"id":788,"href":"https:\/\/dpsdev.dfirma.pl\/index.php\/wp-json\/wp\/v2\/pages\/58\/revisions\/788"}],"wp:attachment":[{"href":"https:\/\/dpsdev.dfirma.pl\/index.php\/wp-json\/wp\/v2\/media?parent=58"}],"curies":[{"name":"wp","href":"https:\/\/api.w.org\/{rel}","templated":true}]}}